{"id":980,"date":"2018-03-04T11:42:12","date_gmt":"2018-03-04T10:42:12","guid":{"rendered":"http:\/\/gite-courtillas.fr\/?page_id=980"},"modified":"2019-04-28T18:15:12","modified_gmt":"2019-04-28T16:15:12","slug":"annexe","status":"publish","type":"page","link":"https:\/\/gite-courtillas.fr\/index.php\/annexe\/","title":{"rendered":"Studio-Annexe"},"content":{"rendered":"<p>Environ 24m\u00b2<\/p>\n<p>Pour r\u00e9server le studio seul merci de nous contacter ou directement sur <a href=\"http:\/\/www.airbnb.fr\/rooms\/34198670\" target=\"_blank\" rel=\"noopener\">AirB&amp;B<\/a><\/p>\n\r\n\t<div class=\"slideshow_container slideshow_container_style-light\" style=\"height: 350px; \" data-slideshow-id=\"1084\" data-style-name=\"style-light\" data-style-version=\"2.3.1\" >\r\n\r\n\t\t\t\t\t<div class=\"slideshow_loading_icon\"><\/div>\r\n\t\t\r\n\t\t<div class=\"slideshow_content\" style=\"display: none;\">\r\n\r\n\t\t\t<div class=\"slideshow_view\">\r\n\t\t\t\t<div class=\"slideshow_slide slideshow_slide_image\">\r\n\t\t\t\t\t\t\t\t\t\t\t<img src=\"https:\/\/gite-courtillas.fr\/wp-content\/uploads\/2019\/04\/P1010001-min.jpg\" alt=\"WC\" width=\"3456\" height=\"4608\" \/>\r\n\t\t\t\t\t\t\t\t\t\t<div class=\"slideshow_description_box slideshow_transparent\">\r\n\t\t\t\t\t\t<div class=\"slideshow_title\">WC<\/div>\t\t\t\t\t\t\t\t\t\t\t<\/div>\r\n\t\t\t\t<\/div>\r\n\r\n\t\t\t\t\t\t<div style=\"clear: both;\"><\/div><\/div><div class=\"slideshow_view\">\r\n\t\t\t\t<div class=\"slideshow_slide slideshow_slide_image\">\r\n\t\t\t\t\t\t\t\t\t\t\t<img src=\"https:\/\/gite-courtillas.fr\/wp-content\/uploads\/2019\/04\/P1010007-min.jpg\" alt=\"\u00c9vier  cuisine\" width=\"3456\" height=\"4608\" \/>\r\n\t\t\t\t\t\t\t\t\t\t<div class=\"slideshow_description_box slideshow_transparent\">\r\n\t\t\t\t\t\t<div class=\"slideshow_title\">\u00c9vier  cuisine<\/div>\t\t\t\t\t\t\t\t\t\t\t<\/div>\r\n\t\t\t\t<\/div>\r\n\r\n\t\t\t\t\t\t<div style=\"clear: both;\"><\/div><\/div><div class=\"slideshow_view\">\r\n\t\t\t\t<div class=\"slideshow_slide slideshow_slide_image\">\r\n\t\t\t\t\t\t\t\t\t\t\t<img src=\"https:\/\/gite-courtillas.fr\/wp-content\/uploads\/2019\/04\/P1010008-min.jpg\" alt=\"Coin cuisine\" width=\"4608\" height=\"3456\" \/>\r\n\t\t\t\t\t\t\t\t\t\t<div class=\"slideshow_description_box slideshow_transparent\">\r\n\t\t\t\t\t\t<div class=\"slideshow_title\">Coin cuisine<\/div>\t\t\t\t\t\t<div class=\"slideshow_description\">Plaque induction, r\u00e9frig\u00e9rateur, cafeti\u00e8re, bouilloire, grille-pain<\/div>\t\t\t\t\t<\/div>\r\n\t\t\t\t<\/div>\r\n\r\n\t\t\t\t\t\t<div style=\"clear: both;\"><\/div><\/div><div class=\"slideshow_view\">\r\n\t\t\t\t<div class=\"slideshow_slide slideshow_slide_image\">\r\n\t\t\t\t\t\t\t\t\t\t\t<img src=\"https:\/\/gite-courtillas.fr\/wp-content\/uploads\/2019\/04\/P1010006-min.jpg\" alt=\"Douche et coin toilette\" width=\"4608\" height=\"3456\" \/>\r\n\t\t\t\t\t\t\t\t\t\t<div class=\"slideshow_description_box slideshow_transparent\">\r\n\t\t\t\t\t\t<div class=\"slideshow_title\">Douche et coin toilette<\/div>\t\t\t\t\t\t<div class=\"slideshow_description\">Placard et penderie<\/div>\t\t\t\t\t<\/div>\r\n\t\t\t\t<\/div>\r\n\r\n\t\t\t\t\t\t<div style=\"clear: both;\"><\/div><\/div><div class=\"slideshow_view\">\r\n\t\t\t\t<div class=\"slideshow_slide slideshow_slide_image\">\r\n\t\t\t\t\t\t\t\t\t\t\t<img src=\"https:\/\/gite-courtillas.fr\/wp-content\/uploads\/2019\/04\/P1010004-min.jpg\" alt=\"Acc\u00e8s vers coin-cuisine et salle de bain\" width=\"4608\" height=\"3456\" \/>\r\n\t\t\t\t\t\t\t\t\t\t<div class=\"slideshow_description_box slideshow_transparent\">\r\n\t\t\t\t\t\t<div class=\"slideshow_title\">Acc\u00e8s vers coin-cuisine et salle de bain<\/div>\t\t\t\t\t\t\t\t\t\t\t<\/div>\r\n\t\t\t\t<\/div>\r\n\r\n\t\t\t\t\t\t<div style=\"clear: both;\"><\/div><\/div><div class=\"slideshow_view\">\r\n\t\t\t\t<div class=\"slideshow_slide slideshow_slide_image\">\r\n\t\t\t\t\t\t\t\t\t\t\t<img src=\"https:\/\/gite-courtillas.fr\/wp-content\/uploads\/2019\/04\/P1010003-min.jpg\" alt=\"Coin repas\" width=\"4608\" height=\"3456\" \/>\r\n\t\t\t\t\t\t\t\t\t\t<div class=\"slideshow_description_box slideshow_transparent\">\r\n\t\t\t\t\t\t<div class=\"slideshow_title\">Coin repas<\/div>\t\t\t\t\t\t<div class=\"slideshow_description\">Une table et deux chaises de jardin sont aussi disponibles<\/div>\t\t\t\t\t<\/div>\r\n\t\t\t\t<\/div>\r\n\r\n\t\t\t\t\t\t<div style=\"clear: both;\"><\/div><\/div><div class=\"slideshow_view\">\r\n\t\t\t\t<div class=\"slideshow_slide slideshow_slide_image\">\r\n\t\t\t\t\t\t\t\t\t\t\t<img src=\"https:\/\/gite-courtillas.fr\/wp-content\/uploads\/2019\/04\/P1010002-min.jpg\" alt=\"Lit\" width=\"4608\" height=\"3456\" \/>\r\n\t\t\t\t\t\t\t\t\t\t<div class=\"slideshow_description_box slideshow_transparent\">\r\n\t\t\t\t\t\t<div class=\"slideshow_title\">Lit<\/div>\t\t\t\t\t\t\t\t\t\t\t<\/div>\r\n\t\t\t\t<\/div>\r\n\r\n\t\t\t\t\t\t<div style=\"clear: both;\"><\/div><\/div>\r\n\t\t<\/div>\r\n\r\n\t\t<div class=\"slideshow_controlPanel slideshow_transparent\" style=\"display: none;\"><ul><li class=\"slideshow_togglePlay\" data-play-text=\"Play\" data-pause-text=\"Pause\"><\/li><\/ul><\/div>\r\n\r\n\t\t<div class=\"slideshow_button slideshow_previous slideshow_transparent\" role=\"button\" data-previous-text=\"Pr\u00e9c\u00e9dent\" style=\"display: none;\"><\/div>\r\n\t\t<div class=\"slideshow_button slideshow_next slideshow_transparent\" role=\"button\" data-next-text=\"Suivant\" style=\"display: none;\"><\/div>\r\n\r\n\t\t<div class=\"slideshow_pagination\" style=\"display: none;\" data-go-to-text=\"Go to slide\"><div class=\"slideshow_pagination_center\"><\/div><\/div>\r\n\r\n\t\t<!-- WordPress Slideshow Version 2.3.1 -->\r\n\r\n\t\t\t<\/div>\r\n\r\n\n","protected":false},"excerpt":{"rendered":"<p>Environ 24m\u00b2 Pour r\u00e9server le studio seul merci de nous contacter ou directement sur AirB&amp;B <a class=\"continue-reading-link\" href=\"https:\/\/gite-courtillas.fr\/index.php\/annexe\/\">En lire plus &#8230;.<\/a><\/p>\n","protected":false},"author":1,"featured_media":0,"parent":0,"menu_order":0,"comment_status":"closed","ping_status":"closed","template":"","meta":{"footnotes":""},"class_list":["post-980","page","type-page","status-publish","hentry"],"yoast_head":"<!-- This site is optimized with the Yoast SEO plugin v22.0 - https:\/\/yoast.com\/wordpress\/plugins\/seo\/ -->\n<title>Studio-Annexe - Gite de Courtillas<\/title>\n<meta name=\"robots\" content=\"index, follow, max-snippet:-1, max-image-preview:large, max-video-preview:-1\" \/>\n<link rel=\"canonical\" href=\"http:\/\/gite-courtillas.fr\/index.php\/annexe\/\" \/>\n<meta property=\"og:locale\" content=\"fr_FR\" \/>\n<meta property=\"og:type\" content=\"article\" \/>\n<meta property=\"og:title\" content=\"Studio-Annexe - Gite de Courtillas\" \/>\n<meta property=\"og:description\" content=\"Environ 24m\u00b2 Pour r\u00e9server le studio seul merci de nous contacter ou directement sur AirB&amp;B En lire plus ....\" \/>\n<meta property=\"og:url\" content=\"http:\/\/gite-courtillas.fr\/index.php\/annexe\/\" \/>\n<meta property=\"og:site_name\" content=\"Gite de Courtillas\" \/>\n<meta property=\"article:publisher\" content=\"https:\/\/www.facebook.com\/Le-Gite-192389200812938\/\" \/>\n<meta property=\"article:modified_time\" content=\"2019-04-28T16:15:12+00:00\" \/>\n<meta property=\"og:image\" content=\"https:\/\/gite-courtillas.fr\/wp-content\/uploads\/2015\/12\/P1000437-1024x768.jpg\" \/>\n\t<meta property=\"og:image:width\" content=\"1024\" \/>\n\t<meta property=\"og:image:height\" content=\"768\" \/>\n\t<meta property=\"og:image:type\" content=\"image\/jpeg\" \/>\n<meta name=\"twitter:card\" content=\"summary_large_image\" \/>\n<script type=\"application\/ld+json\" class=\"yoast-schema-graph\">{\"@context\":\"https:\/\/schema.org\",\"@graph\":[{\"@type\":\"WebPage\",\"@id\":\"http:\/\/gite-courtillas.fr\/index.php\/annexe\/\",\"url\":\"http:\/\/gite-courtillas.fr\/index.php\/annexe\/\",\"name\":\"Studio-Annexe - Gite de Courtillas\",\"isPartOf\":{\"@id\":\"http:\/\/gite-courtillas.fr\/#website\"},\"datePublished\":\"2018-03-04T10:42:12+00:00\",\"dateModified\":\"2019-04-28T16:15:12+00:00\",\"breadcrumb\":{\"@id\":\"http:\/\/gite-courtillas.fr\/index.php\/annexe\/#breadcrumb\"},\"inLanguage\":\"fr-FR\",\"potentialAction\":[{\"@type\":\"ReadAction\",\"target\":[\"http:\/\/gite-courtillas.fr\/index.php\/annexe\/\"]}]},{\"@type\":\"BreadcrumbList\",\"@id\":\"http:\/\/gite-courtillas.fr\/index.php\/annexe\/#breadcrumb\",\"itemListElement\":[{\"@type\":\"ListItem\",\"position\":1,\"name\":\"Accueil\",\"item\":\"http:\/\/gite-courtillas.fr\/\"},{\"@type\":\"ListItem\",\"position\":2,\"name\":\"Studio-Annexe\"}]},{\"@type\":\"WebSite\",\"@id\":\"http:\/\/gite-courtillas.fr\/#website\",\"url\":\"http:\/\/gite-courtillas.fr\/\",\"name\":\"Gite de Courtillas\",\"description\":\"Tourisme vert et baignades en Charente\",\"publisher\":{\"@id\":\"http:\/\/gite-courtillas.fr\/#organization\"},\"potentialAction\":[{\"@type\":\"SearchAction\",\"target\":{\"@type\":\"EntryPoint\",\"urlTemplate\":\"http:\/\/gite-courtillas.fr\/?s={search_term_string}\"},\"query-input\":\"required name=search_term_string\"}],\"inLanguage\":\"fr-FR\"},{\"@type\":\"Organization\",\"@id\":\"http:\/\/gite-courtillas.fr\/#organization\",\"name\":\"Gite de Courtillas\",\"url\":\"http:\/\/gite-courtillas.fr\/\",\"logo\":{\"@type\":\"ImageObject\",\"inLanguage\":\"fr-FR\",\"@id\":\"http:\/\/gite-courtillas.fr\/#\/schema\/logo\/image\/\",\"url\":\"http:\/\/gite-courtillas.fr\/wp-content\/uploads\/2015\/12\/cropped-Gite_Courtillas_Access_lite.jpg\",\"contentUrl\":\"http:\/\/gite-courtillas.fr\/wp-content\/uploads\/2015\/12\/cropped-Gite_Courtillas_Access_lite.jpg\",\"width\":512,\"height\":512,\"caption\":\"Gite de Courtillas\"},\"image\":{\"@id\":\"http:\/\/gite-courtillas.fr\/#\/schema\/logo\/image\/\"},\"sameAs\":[\"https:\/\/www.facebook.com\/Le-Gite-192389200812938\/\"]}]}<\/script>\n<!-- \/ Yoast SEO plugin. -->","yoast_head_json":{"title":"Studio-Annexe - Gite de Courtillas","robots":{"index":"index","follow":"follow","max-snippet":"max-snippet:-1","max-image-preview":"max-image-preview:large","max-video-preview":"max-video-preview:-1"},"canonical":"http:\/\/gite-courtillas.fr\/index.php\/annexe\/","og_locale":"fr_FR","og_type":"article","og_title":"Studio-Annexe - Gite de Courtillas","og_description":"Environ 24m\u00b2 Pour r\u00e9server le studio seul merci de nous contacter ou directement sur AirB&amp;B En lire plus ....","og_url":"http:\/\/gite-courtillas.fr\/index.php\/annexe\/","og_site_name":"Gite de Courtillas","article_publisher":"https:\/\/www.facebook.com\/Le-Gite-192389200812938\/","article_modified_time":"2019-04-28T16:15:12+00:00","og_image":[{"width":1024,"height":768,"url":"https:\/\/gite-courtillas.fr\/wp-content\/uploads\/2015\/12\/P1000437-1024x768.jpg","type":"image\/jpeg"}],"twitter_card":"summary_large_image","schema":{"@context":"https:\/\/schema.org","@graph":[{"@type":"WebPage","@id":"http:\/\/gite-courtillas.fr\/index.php\/annexe\/","url":"http:\/\/gite-courtillas.fr\/index.php\/annexe\/","name":"Studio-Annexe - Gite de Courtillas","isPartOf":{"@id":"http:\/\/gite-courtillas.fr\/#website"},"datePublished":"2018-03-04T10:42:12+00:00","dateModified":"2019-04-28T16:15:12+00:00","breadcrumb":{"@id":"http:\/\/gite-courtillas.fr\/index.php\/annexe\/#breadcrumb"},"inLanguage":"fr-FR","potentialAction":[{"@type":"ReadAction","target":["http:\/\/gite-courtillas.fr\/index.php\/annexe\/"]}]},{"@type":"BreadcrumbList","@id":"http:\/\/gite-courtillas.fr\/index.php\/annexe\/#breadcrumb","itemListElement":[{"@type":"ListItem","position":1,"name":"Accueil","item":"http:\/\/gite-courtillas.fr\/"},{"@type":"ListItem","position":2,"name":"Studio-Annexe"}]},{"@type":"WebSite","@id":"http:\/\/gite-courtillas.fr\/#website","url":"http:\/\/gite-courtillas.fr\/","name":"Gite de Courtillas","description":"Tourisme vert et baignades en Charente","publisher":{"@id":"http:\/\/gite-courtillas.fr\/#organization"},"potentialAction":[{"@type":"SearchAction","target":{"@type":"EntryPoint","urlTemplate":"http:\/\/gite-courtillas.fr\/?s={search_term_string}"},"query-input":"required name=search_term_string"}],"inLanguage":"fr-FR"},{"@type":"Organization","@id":"http:\/\/gite-courtillas.fr\/#organization","name":"Gite de Courtillas","url":"http:\/\/gite-courtillas.fr\/","logo":{"@type":"ImageObject","inLanguage":"fr-FR","@id":"http:\/\/gite-courtillas.fr\/#\/schema\/logo\/image\/","url":"http:\/\/gite-courtillas.fr\/wp-content\/uploads\/2015\/12\/cropped-Gite_Courtillas_Access_lite.jpg","contentUrl":"http:\/\/gite-courtillas.fr\/wp-content\/uploads\/2015\/12\/cropped-Gite_Courtillas_Access_lite.jpg","width":512,"height":512,"caption":"Gite de Courtillas"},"image":{"@id":"http:\/\/gite-courtillas.fr\/#\/schema\/logo\/image\/"},"sameAs":["https:\/\/www.facebook.com\/Le-Gite-192389200812938\/"]}]}},"jetpack_sharing_enabled":true,"_links":{"self":[{"href":"https:\/\/gite-courtillas.fr\/index.php\/wp-json\/wp\/v2\/pages\/980","targetHints":{"allow":["GET"]}}],"collection":[{"href":"https:\/\/gite-courtillas.fr\/index.php\/wp-json\/wp\/v2\/pages"}],"about":[{"href":"https:\/\/gite-courtillas.fr\/index.php\/wp-json\/wp\/v2\/types\/page"}],"author":[{"embeddable":true,"href":"https:\/\/gite-courtillas.fr\/index.php\/wp-json\/wp\/v2\/users\/1"}],"replies":[{"embeddable":true,"href":"https:\/\/gite-courtillas.fr\/index.php\/wp-json\/wp\/v2\/comments?post=980"}],"version-history":[{"count":8,"href":"https:\/\/gite-courtillas.fr\/index.php\/wp-json\/wp\/v2\/pages\/980\/revisions"}],"predecessor-version":[{"id":1089,"href":"https:\/\/gite-courtillas.fr\/index.php\/wp-json\/wp\/v2\/pages\/980\/revisions\/1089"}],"wp:attachment":[{"href":"https:\/\/gite-courtillas.fr\/index.php\/wp-json\/wp\/v2\/media?parent=980"}],"curies":[{"name":"wp","href":"https:\/\/api.w.org\/{rel}","templated":true}]}}