{"id":52,"date":"2015-12-09T18:08:17","date_gmt":"2015-12-09T17:08:17","guid":{"rendered":"http:\/\/gite-courtillas.fr\/?page_id=52"},"modified":"2023-01-22T07:55:02","modified_gmt":"2023-01-22T06:55:02","slug":"contacts","status":"publish","type":"page","link":"https:\/\/gite-courtillas.fr\/index.php\/contacts\/","title":{"rendered":"Contacts"},"content":{"rendered":"<table class=\"sites-layout-name-one-column sites-layout-hbox\" cellspacing=\"0\">\n<tbody>\n<tr>\n<td class=\"sites-layout-tile sites-tile-name-content-1\">\n<div dir=\"ltr\">\n<p><span style=\"color: #ff0000;\">Pour une r\u00e9ponse rapide, merci de privil\u00e9gier le contact par mail<\/span><\/p>\n<p>Par t\u00e9l\u00e9phone : 05 45 60 89 19 (+33 545608919)<\/p>\n<p>Par mail : <a href=\"mailto:gite.courtillas@gmail.com\">gite.courtillas@gmail.com<\/a><\/p>\n<div>\n<div><\/div>\n<div>Par courrier : M Vidal &#8211; 15 rue du Bourg &#8211; Courtillas &#8211; 16220 Montbron &#8211; France<\/div>\n<\/div>\n<\/div>\n<\/td>\n<\/tr>\n<\/tbody>\n<\/table>\n","protected":false},"excerpt":{"rendered":"<p>Pour une r\u00e9ponse rapide, merci de privil\u00e9gier le contact par mail Par t\u00e9l\u00e9phone : 05 45 60 89 19 (+33 545608919) Par mail : gite.courtillas@gmail.com Par courrier : M Vidal &#8211; 15 rue du Bourg &#8211; Courtillas &#8211; 16220 Montbron &#8211; France <a class=\"continue-reading-link\" href=\"https:\/\/gite-courtillas.fr\/index.php\/contacts\/\">En lire plus &#8230;.<\/a><\/p>\n","protected":false},"author":1,"featured_media":0,"parent":0,"menu_order":0,"comment_status":"closed","ping_status":"closed","template":"","meta":{"footnotes":""},"class_list":["post-52","page","type-page","status-publish","hentry"],"yoast_head":"<!-- This site is optimized with the Yoast SEO plugin v22.0 - https:\/\/yoast.com\/wordpress\/plugins\/seo\/ -->\n<title>Contacts - Gite de Courtillas<\/title>\n<meta name=\"robots\" content=\"index, follow, max-snippet:-1, max-image-preview:large, max-video-preview:-1\" \/>\n<link rel=\"canonical\" href=\"http:\/\/gite-courtillas.fr\/index.php\/contacts\/\" \/>\n<meta property=\"og:locale\" content=\"fr_FR\" \/>\n<meta property=\"og:type\" content=\"article\" \/>\n<meta property=\"og:title\" content=\"Contacts - Gite de Courtillas\" \/>\n<meta property=\"og:description\" content=\"Pour une r\u00e9ponse rapide, merci de privil\u00e9gier le contact par mail Par t\u00e9l\u00e9phone : 05 45 60 89 19 (+33 545608919) Par mail : gite.courtillas@gmail.com Par courrier : M Vidal &#8211; 15 rue du Bourg &#8211; Courtillas &#8211; 16220 Montbron &#8211; France En lire plus ....\" \/>\n<meta property=\"og:url\" content=\"http:\/\/gite-courtillas.fr\/index.php\/contacts\/\" \/>\n<meta property=\"og:site_name\" content=\"Gite de Courtillas\" \/>\n<meta property=\"article:publisher\" content=\"https:\/\/www.facebook.com\/Le-Gite-192389200812938\/\" \/>\n<meta property=\"article:modified_time\" content=\"2023-01-22T06:55:02+00:00\" \/>\n<meta property=\"og:image\" content=\"https:\/\/gite-courtillas.fr\/wp-content\/uploads\/2015\/12\/P1000437-1024x768.jpg\" \/>\n\t<meta property=\"og:image:width\" content=\"1024\" \/>\n\t<meta property=\"og:image:height\" content=\"768\" \/>\n\t<meta property=\"og:image:type\" content=\"image\/jpeg\" \/>\n<meta name=\"twitter:card\" content=\"summary_large_image\" \/>\n<meta name=\"twitter:label1\" content=\"Dur\u00e9e de lecture estim\u00e9e\" \/>\n\t<meta name=\"twitter:data1\" content=\"1 minute\" \/>\n<script type=\"application\/ld+json\" class=\"yoast-schema-graph\">{\"@context\":\"https:\/\/schema.org\",\"@graph\":[{\"@type\":\"WebPage\",\"@id\":\"http:\/\/gite-courtillas.fr\/index.php\/contacts\/\",\"url\":\"http:\/\/gite-courtillas.fr\/index.php\/contacts\/\",\"name\":\"Contacts - Gite de Courtillas\",\"isPartOf\":{\"@id\":\"http:\/\/gite-courtillas.fr\/#website\"},\"datePublished\":\"2015-12-09T17:08:17+00:00\",\"dateModified\":\"2023-01-22T06:55:02+00:00\",\"breadcrumb\":{\"@id\":\"http:\/\/gite-courtillas.fr\/index.php\/contacts\/#breadcrumb\"},\"inLanguage\":\"fr-FR\",\"potentialAction\":[{\"@type\":\"ReadAction\",\"target\":[\"http:\/\/gite-courtillas.fr\/index.php\/contacts\/\"]}]},{\"@type\":\"BreadcrumbList\",\"@id\":\"http:\/\/gite-courtillas.fr\/index.php\/contacts\/#breadcrumb\",\"itemListElement\":[{\"@type\":\"ListItem\",\"position\":1,\"name\":\"Accueil\",\"item\":\"http:\/\/gite-courtillas.fr\/\"},{\"@type\":\"ListItem\",\"position\":2,\"name\":\"Contacts\"}]},{\"@type\":\"WebSite\",\"@id\":\"http:\/\/gite-courtillas.fr\/#website\",\"url\":\"http:\/\/gite-courtillas.fr\/\",\"name\":\"Gite de Courtillas\",\"description\":\"Tourisme vert et baignades en Charente\",\"publisher\":{\"@id\":\"http:\/\/gite-courtillas.fr\/#organization\"},\"potentialAction\":[{\"@type\":\"SearchAction\",\"target\":{\"@type\":\"EntryPoint\",\"urlTemplate\":\"http:\/\/gite-courtillas.fr\/?s={search_term_string}\"},\"query-input\":\"required name=search_term_string\"}],\"inLanguage\":\"fr-FR\"},{\"@type\":\"Organization\",\"@id\":\"http:\/\/gite-courtillas.fr\/#organization\",\"name\":\"Gite de Courtillas\",\"url\":\"http:\/\/gite-courtillas.fr\/\",\"logo\":{\"@type\":\"ImageObject\",\"inLanguage\":\"fr-FR\",\"@id\":\"http:\/\/gite-courtillas.fr\/#\/schema\/logo\/image\/\",\"url\":\"http:\/\/gite-courtillas.fr\/wp-content\/uploads\/2015\/12\/cropped-Gite_Courtillas_Access_lite.jpg\",\"contentUrl\":\"http:\/\/gite-courtillas.fr\/wp-content\/uploads\/2015\/12\/cropped-Gite_Courtillas_Access_lite.jpg\",\"width\":512,\"height\":512,\"caption\":\"Gite de Courtillas\"},\"image\":{\"@id\":\"http:\/\/gite-courtillas.fr\/#\/schema\/logo\/image\/\"},\"sameAs\":[\"https:\/\/www.facebook.com\/Le-Gite-192389200812938\/\"]}]}<\/script>\n<!-- \/ Yoast SEO plugin. -->","yoast_head_json":{"title":"Contacts - Gite de Courtillas","robots":{"index":"index","follow":"follow","max-snippet":"max-snippet:-1","max-image-preview":"max-image-preview:large","max-video-preview":"max-video-preview:-1"},"canonical":"http:\/\/gite-courtillas.fr\/index.php\/contacts\/","og_locale":"fr_FR","og_type":"article","og_title":"Contacts - Gite de Courtillas","og_description":"Pour une r\u00e9ponse rapide, merci de privil\u00e9gier le contact par mail Par t\u00e9l\u00e9phone : 05 45 60 89 19 (+33 545608919) Par mail : gite.courtillas@gmail.com Par courrier : M Vidal &#8211; 15 rue du Bourg &#8211; Courtillas &#8211; 16220 Montbron &#8211; France En lire plus ....","og_url":"http:\/\/gite-courtillas.fr\/index.php\/contacts\/","og_site_name":"Gite de Courtillas","article_publisher":"https:\/\/www.facebook.com\/Le-Gite-192389200812938\/","article_modified_time":"2023-01-22T06:55:02+00:00","og_image":[{"width":1024,"height":768,"url":"https:\/\/gite-courtillas.fr\/wp-content\/uploads\/2015\/12\/P1000437-1024x768.jpg","type":"image\/jpeg"}],"twitter_card":"summary_large_image","twitter_misc":{"Dur\u00e9e de lecture estim\u00e9e":"1 minute"},"schema":{"@context":"https:\/\/schema.org","@graph":[{"@type":"WebPage","@id":"http:\/\/gite-courtillas.fr\/index.php\/contacts\/","url":"http:\/\/gite-courtillas.fr\/index.php\/contacts\/","name":"Contacts - Gite de Courtillas","isPartOf":{"@id":"http:\/\/gite-courtillas.fr\/#website"},"datePublished":"2015-12-09T17:08:17+00:00","dateModified":"2023-01-22T06:55:02+00:00","breadcrumb":{"@id":"http:\/\/gite-courtillas.fr\/index.php\/contacts\/#breadcrumb"},"inLanguage":"fr-FR","potentialAction":[{"@type":"ReadAction","target":["http:\/\/gite-courtillas.fr\/index.php\/contacts\/"]}]},{"@type":"BreadcrumbList","@id":"http:\/\/gite-courtillas.fr\/index.php\/contacts\/#breadcrumb","itemListElement":[{"@type":"ListItem","position":1,"name":"Accueil","item":"http:\/\/gite-courtillas.fr\/"},{"@type":"ListItem","position":2,"name":"Contacts"}]},{"@type":"WebSite","@id":"http:\/\/gite-courtillas.fr\/#website","url":"http:\/\/gite-courtillas.fr\/","name":"Gite de Courtillas","description":"Tourisme vert et baignades en Charente","publisher":{"@id":"http:\/\/gite-courtillas.fr\/#organization"},"potentialAction":[{"@type":"SearchAction","target":{"@type":"EntryPoint","urlTemplate":"http:\/\/gite-courtillas.fr\/?s={search_term_string}"},"query-input":"required name=search_term_string"}],"inLanguage":"fr-FR"},{"@type":"Organization","@id":"http:\/\/gite-courtillas.fr\/#organization","name":"Gite de Courtillas","url":"http:\/\/gite-courtillas.fr\/","logo":{"@type":"ImageObject","inLanguage":"fr-FR","@id":"http:\/\/gite-courtillas.fr\/#\/schema\/logo\/image\/","url":"http:\/\/gite-courtillas.fr\/wp-content\/uploads\/2015\/12\/cropped-Gite_Courtillas_Access_lite.jpg","contentUrl":"http:\/\/gite-courtillas.fr\/wp-content\/uploads\/2015\/12\/cropped-Gite_Courtillas_Access_lite.jpg","width":512,"height":512,"caption":"Gite de Courtillas"},"image":{"@id":"http:\/\/gite-courtillas.fr\/#\/schema\/logo\/image\/"},"sameAs":["https:\/\/www.facebook.com\/Le-Gite-192389200812938\/"]}]}},"jetpack_sharing_enabled":true,"_links":{"self":[{"href":"https:\/\/gite-courtillas.fr\/index.php\/wp-json\/wp\/v2\/pages\/52","targetHints":{"allow":["GET"]}}],"collection":[{"href":"https:\/\/gite-courtillas.fr\/index.php\/wp-json\/wp\/v2\/pages"}],"about":[{"href":"https:\/\/gite-courtillas.fr\/index.php\/wp-json\/wp\/v2\/types\/page"}],"author":[{"embeddable":true,"href":"https:\/\/gite-courtillas.fr\/index.php\/wp-json\/wp\/v2\/users\/1"}],"replies":[{"embeddable":true,"href":"https:\/\/gite-courtillas.fr\/index.php\/wp-json\/wp\/v2\/comments?post=52"}],"version-history":[{"count":7,"href":"https:\/\/gite-courtillas.fr\/index.php\/wp-json\/wp\/v2\/pages\/52\/revisions"}],"predecessor-version":[{"id":1565,"href":"https:\/\/gite-courtillas.fr\/index.php\/wp-json\/wp\/v2\/pages\/52\/revisions\/1565"}],"wp:attachment":[{"href":"https:\/\/gite-courtillas.fr\/index.php\/wp-json\/wp\/v2\/media?parent=52"}],"curies":[{"name":"wp","href":"https:\/\/api.w.org\/{rel}","templated":true}]}}