{"id":39,"date":"2015-12-08T16:04:23","date_gmt":"2015-12-08T15:04:23","guid":{"rendered":"http:\/\/gite-courtillas.fr\/?page_id=39"},"modified":"2022-01-18T06:05:27","modified_gmt":"2022-01-18T05:05:27","slug":"infos-pratiques","status":"publish","type":"page","link":"https:\/\/gite-courtillas.fr\/index.php\/infos-pratiques\/","title":{"rendered":"Infos pratiques"},"content":{"rendered":"<p>Le g\u00eete est agr\u00e9\u00e9 3 \u00e9toiles \u00ab\u00a0Meubl\u00e9 de Tourisme\u00a0\u00bb (Label d&rsquo;Etat) .<\/p>\n<p>Nous n&rsquo;acceptons plus les animaux.<\/p>\n<p>Nous n&rsquo;acceptons que les Ch\u00e8ques Vacances \u00a0\u00bbConnect\u00a0\u00bb<\/p>\n<p>Coordonn\u00e9es : 45\u00b041&rsquo;18.74&Prime;N &#8211; 0\u00b031&rsquo;15.86&Prime;E<br \/>\nGPS : 45.688961&Prime; &#8211; 0.520741&Prime;<\/p>\n<p>Pour une fin d&rsquo;itin\u00e9raire d\u00e9taill\u00e9e, consultez le menu <a href=\"http:\/\/gite-courtillas.fr\/index.php\/infos-pratiques\/pour-venir\/\">\u00ab\u00a0Pour Venir\u00a0\u00bb<\/a><\/p>\n<div class=\"sites-embed-align-left-wrapping-off\">\n<div class=\"sites-embed-border-on sites-embed sites-embed-full-width\" style=\"width: 100%;\">\n<h4 class=\"sites-embed-title\">Courtillas, 16220 Montbron<\/h4>\n<div class=\"sites-embed-object-title\" style=\"display: none;\">Courtillas, 16220 Montbron<\/div>\n<div class=\"sites-embed-content sites-embed-type-map\"><iframe loading=\"lazy\" class=\"map_embed\" title=\"Courtillas, 16220 Montbron\" src=\"\/\/maps.google.com\/?ll=45.693111%2C0.520477&amp;spn=0.017087%2C0.044203&amp;ie=UTF8&amp;z=14&amp;t=m&amp;sll=45.693111%2C0.520477&amp;sspn=0.017087%2C0.044203&amp;q=Courtillas%2016220%20Montbron%2C%20France%20(Courtillas%2C%2016220%20Montbron)&amp;output=embed\" width=\"620\" height=\"620\" frameborder=\"0\" scrolling=\"no\"><\/iframe><\/div>\n<\/div>\n<\/div>\n","protected":false},"excerpt":{"rendered":"<p>Le g\u00eete est agr\u00e9\u00e9 3 \u00e9toiles \u00ab\u00a0Meubl\u00e9 de Tourisme\u00a0\u00bb (Label d&rsquo;Etat) . Nous n&rsquo;acceptons plus les animaux. Nous n&rsquo;acceptons que les Ch\u00e8ques Vacances \u00a0\u00bbConnect\u00a0\u00bb Coordonn\u00e9es : 45\u00b041&rsquo;18.74&Prime;N &#8211; 0\u00b031&rsquo;15.86&Prime;E GPS : 45.688961&Prime; &#8211; 0.520741&Prime; Pour une fin d&rsquo;itin\u00e9raire d\u00e9taill\u00e9e, consultez le menu \u00ab\u00a0Pour Venir\u00a0\u00bb Courtillas, 16220 Montbron Courtillas, 16220 Montbron <a class=\"continue-reading-link\" href=\"https:\/\/gite-courtillas.fr\/index.php\/infos-pratiques\/\">En lire plus &#8230;.<\/a><\/p>\n","protected":false},"author":1,"featured_media":0,"parent":0,"menu_order":0,"comment_status":"closed","ping_status":"closed","template":"","meta":{"footnotes":""},"class_list":["post-39","page","type-page","status-publish","hentry"],"yoast_head":"<!-- This site is optimized with the Yoast SEO plugin v22.0 - https:\/\/yoast.com\/wordpress\/plugins\/seo\/ -->\n<title>Infos pratiques - Gite de Courtillas<\/title>\n<meta name=\"robots\" content=\"index, follow, max-snippet:-1, max-image-preview:large, max-video-preview:-1\" \/>\n<link rel=\"canonical\" href=\"https:\/\/gite-courtillas.fr\/index.php\/infos-pratiques\/\" \/>\n<meta property=\"og:locale\" content=\"fr_FR\" \/>\n<meta property=\"og:type\" content=\"article\" \/>\n<meta property=\"og:title\" content=\"Infos pratiques - Gite de Courtillas\" \/>\n<meta property=\"og:description\" content=\"Le g\u00eete est agr\u00e9\u00e9 3 \u00e9toiles \u00ab\u00a0Meubl\u00e9 de Tourisme\u00a0\u00bb (Label d&rsquo;Etat) . Nous n&rsquo;acceptons plus les animaux. Nous n&rsquo;acceptons que les Ch\u00e8ques Vacances \u00a0\u00bbConnect\u00a0\u00bb Coordonn\u00e9es : 45\u00b041&rsquo;18.74&Prime;N &#8211; 0\u00b031&rsquo;15.86&Prime;E GPS : 45.688961&Prime; &#8211; 0.520741&Prime; Pour une fin d&rsquo;itin\u00e9raire d\u00e9taill\u00e9e, consultez le menu \u00ab\u00a0Pour Venir\u00a0\u00bb Courtillas, 16220 Montbron Courtillas, 16220 Montbron En lire plus ....\" \/>\n<meta property=\"og:url\" content=\"https:\/\/gite-courtillas.fr\/index.php\/infos-pratiques\/\" \/>\n<meta property=\"og:site_name\" content=\"Gite de Courtillas\" \/>\n<meta property=\"article:publisher\" content=\"https:\/\/www.facebook.com\/Le-Gite-192389200812938\/\" \/>\n<meta property=\"article:modified_time\" content=\"2022-01-18T05:05:27+00:00\" \/>\n<meta property=\"og:image\" content=\"https:\/\/gite-courtillas.fr\/wp-content\/uploads\/2015\/12\/P1000437-1024x768.jpg\" \/>\n\t<meta property=\"og:image:width\" content=\"1024\" \/>\n\t<meta property=\"og:image:height\" content=\"768\" \/>\n\t<meta property=\"og:image:type\" content=\"image\/jpeg\" \/>\n<meta name=\"twitter:card\" content=\"summary_large_image\" \/>\n<script type=\"application\/ld+json\" class=\"yoast-schema-graph\">{\"@context\":\"https:\/\/schema.org\",\"@graph\":[{\"@type\":\"WebPage\",\"@id\":\"https:\/\/gite-courtillas.fr\/index.php\/infos-pratiques\/\",\"url\":\"https:\/\/gite-courtillas.fr\/index.php\/infos-pratiques\/\",\"name\":\"Infos pratiques - Gite de Courtillas\",\"isPartOf\":{\"@id\":\"http:\/\/gite-courtillas.fr\/#website\"},\"datePublished\":\"2015-12-08T15:04:23+00:00\",\"dateModified\":\"2022-01-18T05:05:27+00:00\",\"breadcrumb\":{\"@id\":\"https:\/\/gite-courtillas.fr\/index.php\/infos-pratiques\/#breadcrumb\"},\"inLanguage\":\"fr-FR\",\"potentialAction\":[{\"@type\":\"ReadAction\",\"target\":[\"https:\/\/gite-courtillas.fr\/index.php\/infos-pratiques\/\"]}]},{\"@type\":\"BreadcrumbList\",\"@id\":\"https:\/\/gite-courtillas.fr\/index.php\/infos-pratiques\/#breadcrumb\",\"itemListElement\":[{\"@type\":\"ListItem\",\"position\":1,\"name\":\"Accueil\",\"item\":\"http:\/\/gite-courtillas.fr\/\"},{\"@type\":\"ListItem\",\"position\":2,\"name\":\"Infos pratiques\"}]},{\"@type\":\"WebSite\",\"@id\":\"http:\/\/gite-courtillas.fr\/#website\",\"url\":\"http:\/\/gite-courtillas.fr\/\",\"name\":\"Gite de Courtillas\",\"description\":\"Tourisme vert et baignades en Charente\",\"publisher\":{\"@id\":\"http:\/\/gite-courtillas.fr\/#organization\"},\"potentialAction\":[{\"@type\":\"SearchAction\",\"target\":{\"@type\":\"EntryPoint\",\"urlTemplate\":\"http:\/\/gite-courtillas.fr\/?s={search_term_string}\"},\"query-input\":\"required name=search_term_string\"}],\"inLanguage\":\"fr-FR\"},{\"@type\":\"Organization\",\"@id\":\"http:\/\/gite-courtillas.fr\/#organization\",\"name\":\"Gite de Courtillas\",\"url\":\"http:\/\/gite-courtillas.fr\/\",\"logo\":{\"@type\":\"ImageObject\",\"inLanguage\":\"fr-FR\",\"@id\":\"http:\/\/gite-courtillas.fr\/#\/schema\/logo\/image\/\",\"url\":\"http:\/\/gite-courtillas.fr\/wp-content\/uploads\/2015\/12\/cropped-Gite_Courtillas_Access_lite.jpg\",\"contentUrl\":\"http:\/\/gite-courtillas.fr\/wp-content\/uploads\/2015\/12\/cropped-Gite_Courtillas_Access_lite.jpg\",\"width\":512,\"height\":512,\"caption\":\"Gite de Courtillas\"},\"image\":{\"@id\":\"http:\/\/gite-courtillas.fr\/#\/schema\/logo\/image\/\"},\"sameAs\":[\"https:\/\/www.facebook.com\/Le-Gite-192389200812938\/\"]}]}<\/script>\n<!-- \/ Yoast SEO plugin. -->","yoast_head_json":{"title":"Infos pratiques - Gite de Courtillas","robots":{"index":"index","follow":"follow","max-snippet":"max-snippet:-1","max-image-preview":"max-image-preview:large","max-video-preview":"max-video-preview:-1"},"canonical":"https:\/\/gite-courtillas.fr\/index.php\/infos-pratiques\/","og_locale":"fr_FR","og_type":"article","og_title":"Infos pratiques - Gite de Courtillas","og_description":"Le g\u00eete est agr\u00e9\u00e9 3 \u00e9toiles \u00ab\u00a0Meubl\u00e9 de Tourisme\u00a0\u00bb (Label d&rsquo;Etat) . Nous n&rsquo;acceptons plus les animaux. Nous n&rsquo;acceptons que les Ch\u00e8ques Vacances \u00a0\u00bbConnect\u00a0\u00bb Coordonn\u00e9es : 45\u00b041&rsquo;18.74&Prime;N &#8211; 0\u00b031&rsquo;15.86&Prime;E GPS : 45.688961&Prime; &#8211; 0.520741&Prime; Pour une fin d&rsquo;itin\u00e9raire d\u00e9taill\u00e9e, consultez le menu \u00ab\u00a0Pour Venir\u00a0\u00bb Courtillas, 16220 Montbron Courtillas, 16220 Montbron En lire plus ....","og_url":"https:\/\/gite-courtillas.fr\/index.php\/infos-pratiques\/","og_site_name":"Gite de Courtillas","article_publisher":"https:\/\/www.facebook.com\/Le-Gite-192389200812938\/","article_modified_time":"2022-01-18T05:05:27+00:00","og_image":[{"width":1024,"height":768,"url":"https:\/\/gite-courtillas.fr\/wp-content\/uploads\/2015\/12\/P1000437-1024x768.jpg","type":"image\/jpeg"}],"twitter_card":"summary_large_image","schema":{"@context":"https:\/\/schema.org","@graph":[{"@type":"WebPage","@id":"https:\/\/gite-courtillas.fr\/index.php\/infos-pratiques\/","url":"https:\/\/gite-courtillas.fr\/index.php\/infos-pratiques\/","name":"Infos pratiques - Gite de Courtillas","isPartOf":{"@id":"http:\/\/gite-courtillas.fr\/#website"},"datePublished":"2015-12-08T15:04:23+00:00","dateModified":"2022-01-18T05:05:27+00:00","breadcrumb":{"@id":"https:\/\/gite-courtillas.fr\/index.php\/infos-pratiques\/#breadcrumb"},"inLanguage":"fr-FR","potentialAction":[{"@type":"ReadAction","target":["https:\/\/gite-courtillas.fr\/index.php\/infos-pratiques\/"]}]},{"@type":"BreadcrumbList","@id":"https:\/\/gite-courtillas.fr\/index.php\/infos-pratiques\/#breadcrumb","itemListElement":[{"@type":"ListItem","position":1,"name":"Accueil","item":"http:\/\/gite-courtillas.fr\/"},{"@type":"ListItem","position":2,"name":"Infos pratiques"}]},{"@type":"WebSite","@id":"http:\/\/gite-courtillas.fr\/#website","url":"http:\/\/gite-courtillas.fr\/","name":"Gite de Courtillas","description":"Tourisme vert et baignades en Charente","publisher":{"@id":"http:\/\/gite-courtillas.fr\/#organization"},"potentialAction":[{"@type":"SearchAction","target":{"@type":"EntryPoint","urlTemplate":"http:\/\/gite-courtillas.fr\/?s={search_term_string}"},"query-input":"required name=search_term_string"}],"inLanguage":"fr-FR"},{"@type":"Organization","@id":"http:\/\/gite-courtillas.fr\/#organization","name":"Gite de Courtillas","url":"http:\/\/gite-courtillas.fr\/","logo":{"@type":"ImageObject","inLanguage":"fr-FR","@id":"http:\/\/gite-courtillas.fr\/#\/schema\/logo\/image\/","url":"http:\/\/gite-courtillas.fr\/wp-content\/uploads\/2015\/12\/cropped-Gite_Courtillas_Access_lite.jpg","contentUrl":"http:\/\/gite-courtillas.fr\/wp-content\/uploads\/2015\/12\/cropped-Gite_Courtillas_Access_lite.jpg","width":512,"height":512,"caption":"Gite de Courtillas"},"image":{"@id":"http:\/\/gite-courtillas.fr\/#\/schema\/logo\/image\/"},"sameAs":["https:\/\/www.facebook.com\/Le-Gite-192389200812938\/"]}]}},"jetpack_sharing_enabled":true,"_links":{"self":[{"href":"https:\/\/gite-courtillas.fr\/index.php\/wp-json\/wp\/v2\/pages\/39","targetHints":{"allow":["GET"]}}],"collection":[{"href":"https:\/\/gite-courtillas.fr\/index.php\/wp-json\/wp\/v2\/pages"}],"about":[{"href":"https:\/\/gite-courtillas.fr\/index.php\/wp-json\/wp\/v2\/types\/page"}],"author":[{"embeddable":true,"href":"https:\/\/gite-courtillas.fr\/index.php\/wp-json\/wp\/v2\/users\/1"}],"replies":[{"embeddable":true,"href":"https:\/\/gite-courtillas.fr\/index.php\/wp-json\/wp\/v2\/comments?post=39"}],"version-history":[{"count":16,"href":"https:\/\/gite-courtillas.fr\/index.php\/wp-json\/wp\/v2\/pages\/39\/revisions"}],"predecessor-version":[{"id":1421,"href":"https:\/\/gite-courtillas.fr\/index.php\/wp-json\/wp\/v2\/pages\/39\/revisions\/1421"}],"wp:attachment":[{"href":"https:\/\/gite-courtillas.fr\/index.php\/wp-json\/wp\/v2\/media?parent=39"}],"curies":[{"name":"wp","href":"https:\/\/api.w.org\/{rel}","templated":true}]}}