{"id":35,"date":"2015-12-08T16:03:21","date_gmt":"2015-12-08T15:03:21","guid":{"rendered":"http:\/\/gite-courtillas.fr\/?page_id=35"},"modified":"2026-02-09T07:46:37","modified_gmt":"2026-02-09T06:46:37","slug":"tarifs","status":"publish","type":"page","link":"https:\/\/gite-courtillas.fr\/index.php\/tarifs\/","title":{"rendered":"Tarifs 2026"},"content":{"rendered":"\n<figure class=\"wp-block-table\"><table><tbody><tr><td class=\"has-text-align-center\" data-align=\"center\">Tarif 1<\/td><td class=\"has-text-align-left\" data-align=\"left\">Du 5 Juillet au 23 Ao\u00fbt<\/td><td>Nous consulter<\/td><\/tr><tr><td class=\"has-text-align-center\" data-align=\"center\">Tarif 2<\/td><td class=\"has-text-align-left\" data-align=\"left\">Du 28 Juin au 5 Juillet et <br>Du 23 Ao\u00fbt au 6 Septembre<\/td><td>Nous consulter<\/td><\/tr><tr><td class=\"has-text-align-center\" data-align=\"center\">Tarif 3<\/td><td class=\"has-text-align-left\" data-align=\"left\">Juin (hors grands week-ends) et septembre.<\/td><td>Nous consulter<\/td><\/tr><tr><td class=\"has-text-align-center\" data-align=\"center\">Vacances scolaires<\/td><td class=\"has-text-align-left\" data-align=\"left\">Toutes zones &#8211; F\u00e9vrier et Printemps<\/td><td>Nous consulter<\/td><\/tr><tr><td class=\"has-text-align-center\" data-align=\"center\"><span class=\"has-inline-color has-vivid-red-color\">Festival BD<\/span><\/td><td class=\"has-text-align-left\" data-align=\"left\">4 jours 3 nuit\u00e9es<\/td><td>Nous consulter<\/td><\/tr><tr><td class=\"has-text-align-center\" data-align=\"center\"><span class=\"has-inline-color has-vivid-cyan-blue-color\">WE P\u00e2ques<\/span><\/td><td class=\"has-text-align-left\" data-align=\"left\">3 jours 2 nuit\u00e9es<\/td><td>Nous consulter<\/td><\/tr><tr><td class=\"has-text-align-center\" data-align=\"center\"><span class=\"has-inline-color has-vivid-cyan-blue-color\">WE 1er et 8 Mai<\/span><\/td><td class=\"has-text-align-left\" data-align=\"left\">4 jours 3 nuit\u00e9es<\/td><td>Nous consulter<\/td><\/tr><tr><td class=\"has-text-align-center\" data-align=\"center\"><span class=\"has-inline-color has-vivid-cyan-blue-color\">WE Ascension<\/span><\/td><td class=\"has-text-align-left\" data-align=\"left\">4 jours 3 nuit\u00e9es<\/td><td>Nous consulter<\/td><\/tr><tr><td class=\"has-text-align-center\" data-align=\"center\"><span class=\"has-inline-color has-vivid-cyan-blue-color\">WE Pentec\u00f4te<\/span><\/td><td class=\"has-text-align-left\" data-align=\"left\">3 jours 2 nuit\u00e9es<\/td><td>Nous consulter<\/td><\/tr><tr><td class=\"has-text-align-center\" data-align=\"center\"><span class=\"has-inline-color has-vivid-red-color\">Circuit des remparts<\/span><\/td><td class=\"has-text-align-left\" data-align=\"left\">3 jours 2 nuit\u00e9es<\/td><td>Nous consulter<\/td><\/tr><\/tbody><\/table><figcaption class=\"wp-element-caption\">En dehors des p\u00e9riodes list\u00e9es ci-dessus : Nous consulter<br><br><\/figcaption><\/figure>\n\n\n\n<p><mark style=\"background-color:rgba(0, 0, 0, 0)\" class=\"has-inline-color has-vivid-red-color\">Taxe de s\u00e9jour de 0,7\u20ac par adulte (+18 ans) et par nuit\u00e9e.<\/mark><\/p>\n\n\n\n<p>5% de remise de fid\u00e9lit\u00e9 pour tout nouveau s\u00e9jour dans les 36 mois.<\/p>\n\n\n\n<p>Ch\u00e8que Vacances \u00ab\u00a0Connect\u00a0\u00bb accept\u00e9s. <img loading=\"lazy\" decoding=\"async\" width=\"150\" height=\"99\" class=\"wp-image-1385\" style=\"width: 150px;\" src=\"http:\/\/gite-courtillas.fr\/wp-content\/uploads\/2021\/09\/rvb_ancv_10cm.png\" alt=\"\" srcset=\"https:\/\/gite-courtillas.fr\/wp-content\/uploads\/2021\/09\/rvb_ancv_10cm.png 772w, https:\/\/gite-courtillas.fr\/wp-content\/uploads\/2021\/09\/rvb_ancv_10cm-300x197.png 300w, https:\/\/gite-courtillas.fr\/wp-content\/uploads\/2021\/09\/rvb_ancv_10cm-768x505.png 768w, https:\/\/gite-courtillas.fr\/wp-content\/uploads\/2021\/09\/rvb_ancv_10cm-228x150.png 228w, https:\/\/gite-courtillas.fr\/wp-content\/uploads\/2021\/09\/rvb_ancv_10cm-150x99.png 150w, https:\/\/gite-courtillas.fr\/wp-content\/uploads\/2021\/09\/rvb_ancv_10cm-308x201.png 308w\" sizes=\"auto, (max-width: 150px) 100vw, 150px\" \/><\/p>\n\n\n\n<hr class=\"wp-block-separator has-css-opacity\"\/>\n\n\n\n<p>Location de linge<\/p>\n\n\n\n<figure class=\"wp-block-table\"><table><tbody><tr><td>Literie double (Taies, drap housse, housse de couette)<\/td><td>7\u20ac<\/td><\/tr><tr><td>Literie single (Taie, drap housse, housse de couette)<\/td><td>5\u20ac<\/td><\/tr><tr><td>Linge de toilette et de table (Un drap de toilette, une serviette de toilette, un gant de toilette et une serviette de table)<\/td><td>5\u20ac<\/td><\/tr><\/tbody><\/table><\/figure>\n\n\n\n<p><\/p>\n","protected":false},"excerpt":{"rendered":"<p>Tarif 1 Du 5 Juillet au 23 Ao\u00fbt Nous consulter Tarif 2 Du 28 Juin au 5 Juillet et Du 23 Ao\u00fbt au 6 Septembre Nous consulter Tarif 3 Juin (hors grands week-ends) et septembre. Nous consulter Vacances scolaires Toutes zones &#8211; F\u00e9vrier et Printemps Nous consulter Festival BD 4\u2026 <a class=\"continue-reading-link\" href=\"https:\/\/gite-courtillas.fr\/index.php\/tarifs\/\">En lire plus &#8230;.<\/a><\/p>\n","protected":false},"author":1,"featured_media":0,"parent":0,"menu_order":0,"comment_status":"closed","ping_status":"closed","template":"","meta":{"footnotes":""},"class_list":["post-35","page","type-page","status-publish","hentry"],"yoast_head":"<!-- This site is optimized with the Yoast SEO plugin v22.0 - https:\/\/yoast.com\/wordpress\/plugins\/seo\/ -->\n<title>Tarifs 2026 - Gite de Courtillas<\/title>\n<meta name=\"robots\" content=\"index, follow, max-snippet:-1, max-image-preview:large, max-video-preview:-1\" \/>\n<link rel=\"canonical\" href=\"https:\/\/gite-courtillas.fr\/index.php\/tarifs\/\" \/>\n<meta property=\"og:locale\" content=\"fr_FR\" \/>\n<meta property=\"og:type\" content=\"article\" \/>\n<meta property=\"og:title\" content=\"Tarifs 2026 - Gite de Courtillas\" \/>\n<meta property=\"og:description\" content=\"Tarif 1 Du 5 Juillet au 23 Ao\u00fbt Nous consulter Tarif 2 Du 28 Juin au 5 Juillet et Du 23 Ao\u00fbt au 6 Septembre Nous consulter Tarif 3 Juin (hors grands week-ends) et septembre. Nous consulter Vacances scolaires Toutes zones &#8211; F\u00e9vrier et Printemps Nous consulter Festival BD 4\u2026 En lire plus ....\" \/>\n<meta property=\"og:url\" content=\"https:\/\/gite-courtillas.fr\/index.php\/tarifs\/\" \/>\n<meta property=\"og:site_name\" content=\"Gite de Courtillas\" \/>\n<meta property=\"article:publisher\" content=\"https:\/\/www.facebook.com\/Le-Gite-192389200812938\/\" \/>\n<meta property=\"article:modified_time\" content=\"2026-02-09T06:46:37+00:00\" \/>\n<meta property=\"og:image\" content=\"http:\/\/gite-courtillas.fr\/wp-content\/uploads\/2021\/09\/rvb_ancv_10cm.png\" \/>\n<meta name=\"twitter:card\" content=\"summary_large_image\" \/>\n<meta name=\"twitter:label1\" content=\"Dur\u00e9e de lecture estim\u00e9e\" \/>\n\t<meta name=\"twitter:data1\" content=\"2 minutes\" \/>\n<script type=\"application\/ld+json\" class=\"yoast-schema-graph\">{\"@context\":\"https:\/\/schema.org\",\"@graph\":[{\"@type\":\"WebPage\",\"@id\":\"https:\/\/gite-courtillas.fr\/index.php\/tarifs\/\",\"url\":\"https:\/\/gite-courtillas.fr\/index.php\/tarifs\/\",\"name\":\"Tarifs 2026 - Gite de Courtillas\",\"isPartOf\":{\"@id\":\"http:\/\/gite-courtillas.fr\/#website\"},\"datePublished\":\"2015-12-08T15:03:21+00:00\",\"dateModified\":\"2026-02-09T06:46:37+00:00\",\"breadcrumb\":{\"@id\":\"https:\/\/gite-courtillas.fr\/index.php\/tarifs\/#breadcrumb\"},\"inLanguage\":\"fr-FR\",\"potentialAction\":[{\"@type\":\"ReadAction\",\"target\":[\"https:\/\/gite-courtillas.fr\/index.php\/tarifs\/\"]}]},{\"@type\":\"BreadcrumbList\",\"@id\":\"https:\/\/gite-courtillas.fr\/index.php\/tarifs\/#breadcrumb\",\"itemListElement\":[{\"@type\":\"ListItem\",\"position\":1,\"name\":\"Accueil\",\"item\":\"http:\/\/gite-courtillas.fr\/\"},{\"@type\":\"ListItem\",\"position\":2,\"name\":\"Tarifs 2026\"}]},{\"@type\":\"WebSite\",\"@id\":\"http:\/\/gite-courtillas.fr\/#website\",\"url\":\"http:\/\/gite-courtillas.fr\/\",\"name\":\"Gite de Courtillas\",\"description\":\"Tourisme vert et baignades en Charente\",\"publisher\":{\"@id\":\"http:\/\/gite-courtillas.fr\/#organization\"},\"potentialAction\":[{\"@type\":\"SearchAction\",\"target\":{\"@type\":\"EntryPoint\",\"urlTemplate\":\"http:\/\/gite-courtillas.fr\/?s={search_term_string}\"},\"query-input\":\"required name=search_term_string\"}],\"inLanguage\":\"fr-FR\"},{\"@type\":\"Organization\",\"@id\":\"http:\/\/gite-courtillas.fr\/#organization\",\"name\":\"Gite de Courtillas\",\"url\":\"http:\/\/gite-courtillas.fr\/\",\"logo\":{\"@type\":\"ImageObject\",\"inLanguage\":\"fr-FR\",\"@id\":\"http:\/\/gite-courtillas.fr\/#\/schema\/logo\/image\/\",\"url\":\"http:\/\/gite-courtillas.fr\/wp-content\/uploads\/2015\/12\/cropped-Gite_Courtillas_Access_lite.jpg\",\"contentUrl\":\"http:\/\/gite-courtillas.fr\/wp-content\/uploads\/2015\/12\/cropped-Gite_Courtillas_Access_lite.jpg\",\"width\":512,\"height\":512,\"caption\":\"Gite de Courtillas\"},\"image\":{\"@id\":\"http:\/\/gite-courtillas.fr\/#\/schema\/logo\/image\/\"},\"sameAs\":[\"https:\/\/www.facebook.com\/Le-Gite-192389200812938\/\"]}]}<\/script>\n<!-- \/ Yoast SEO plugin. -->","yoast_head_json":{"title":"Tarifs 2026 - Gite de Courtillas","robots":{"index":"index","follow":"follow","max-snippet":"max-snippet:-1","max-image-preview":"max-image-preview:large","max-video-preview":"max-video-preview:-1"},"canonical":"https:\/\/gite-courtillas.fr\/index.php\/tarifs\/","og_locale":"fr_FR","og_type":"article","og_title":"Tarifs 2026 - Gite de Courtillas","og_description":"Tarif 1 Du 5 Juillet au 23 Ao\u00fbt Nous consulter Tarif 2 Du 28 Juin au 5 Juillet et Du 23 Ao\u00fbt au 6 Septembre Nous consulter Tarif 3 Juin (hors grands week-ends) et septembre. Nous consulter Vacances scolaires Toutes zones &#8211; F\u00e9vrier et Printemps Nous consulter Festival BD 4\u2026 En lire plus ....","og_url":"https:\/\/gite-courtillas.fr\/index.php\/tarifs\/","og_site_name":"Gite de Courtillas","article_publisher":"https:\/\/www.facebook.com\/Le-Gite-192389200812938\/","article_modified_time":"2026-02-09T06:46:37+00:00","og_image":[{"url":"http:\/\/gite-courtillas.fr\/wp-content\/uploads\/2021\/09\/rvb_ancv_10cm.png"}],"twitter_card":"summary_large_image","twitter_misc":{"Dur\u00e9e de lecture estim\u00e9e":"2 minutes"},"schema":{"@context":"https:\/\/schema.org","@graph":[{"@type":"WebPage","@id":"https:\/\/gite-courtillas.fr\/index.php\/tarifs\/","url":"https:\/\/gite-courtillas.fr\/index.php\/tarifs\/","name":"Tarifs 2026 - Gite de Courtillas","isPartOf":{"@id":"http:\/\/gite-courtillas.fr\/#website"},"datePublished":"2015-12-08T15:03:21+00:00","dateModified":"2026-02-09T06:46:37+00:00","breadcrumb":{"@id":"https:\/\/gite-courtillas.fr\/index.php\/tarifs\/#breadcrumb"},"inLanguage":"fr-FR","potentialAction":[{"@type":"ReadAction","target":["https:\/\/gite-courtillas.fr\/index.php\/tarifs\/"]}]},{"@type":"BreadcrumbList","@id":"https:\/\/gite-courtillas.fr\/index.php\/tarifs\/#breadcrumb","itemListElement":[{"@type":"ListItem","position":1,"name":"Accueil","item":"http:\/\/gite-courtillas.fr\/"},{"@type":"ListItem","position":2,"name":"Tarifs 2026"}]},{"@type":"WebSite","@id":"http:\/\/gite-courtillas.fr\/#website","url":"http:\/\/gite-courtillas.fr\/","name":"Gite de Courtillas","description":"Tourisme vert et baignades en Charente","publisher":{"@id":"http:\/\/gite-courtillas.fr\/#organization"},"potentialAction":[{"@type":"SearchAction","target":{"@type":"EntryPoint","urlTemplate":"http:\/\/gite-courtillas.fr\/?s={search_term_string}"},"query-input":"required name=search_term_string"}],"inLanguage":"fr-FR"},{"@type":"Organization","@id":"http:\/\/gite-courtillas.fr\/#organization","name":"Gite de Courtillas","url":"http:\/\/gite-courtillas.fr\/","logo":{"@type":"ImageObject","inLanguage":"fr-FR","@id":"http:\/\/gite-courtillas.fr\/#\/schema\/logo\/image\/","url":"http:\/\/gite-courtillas.fr\/wp-content\/uploads\/2015\/12\/cropped-Gite_Courtillas_Access_lite.jpg","contentUrl":"http:\/\/gite-courtillas.fr\/wp-content\/uploads\/2015\/12\/cropped-Gite_Courtillas_Access_lite.jpg","width":512,"height":512,"caption":"Gite de Courtillas"},"image":{"@id":"http:\/\/gite-courtillas.fr\/#\/schema\/logo\/image\/"},"sameAs":["https:\/\/www.facebook.com\/Le-Gite-192389200812938\/"]}]}},"jetpack_sharing_enabled":true,"_links":{"self":[{"href":"https:\/\/gite-courtillas.fr\/index.php\/wp-json\/wp\/v2\/pages\/35","targetHints":{"allow":["GET"]}}],"collection":[{"href":"https:\/\/gite-courtillas.fr\/index.php\/wp-json\/wp\/v2\/pages"}],"about":[{"href":"https:\/\/gite-courtillas.fr\/index.php\/wp-json\/wp\/v2\/types\/page"}],"author":[{"embeddable":true,"href":"https:\/\/gite-courtillas.fr\/index.php\/wp-json\/wp\/v2\/users\/1"}],"replies":[{"embeddable":true,"href":"https:\/\/gite-courtillas.fr\/index.php\/wp-json\/wp\/v2\/comments?post=35"}],"version-history":[{"count":43,"href":"https:\/\/gite-courtillas.fr\/index.php\/wp-json\/wp\/v2\/pages\/35\/revisions"}],"predecessor-version":[{"id":1752,"href":"https:\/\/gite-courtillas.fr\/index.php\/wp-json\/wp\/v2\/pages\/35\/revisions\/1752"}],"wp:attachment":[{"href":"https:\/\/gite-courtillas.fr\/index.php\/wp-json\/wp\/v2\/media?parent=35"}],"curies":[{"name":"wp","href":"https:\/\/api.w.org\/{rel}","templated":true}]}}