{"id":19,"date":"2015-12-07T11:02:46","date_gmt":"2015-12-07T10:02:46","guid":{"rendered":"http:\/\/gite-courtillas.fr\/?page_id=19"},"modified":"2015-12-24T10:55:53","modified_gmt":"2015-12-24T09:55:53","slug":"dedans","status":"publish","type":"page","link":"https:\/\/gite-courtillas.fr\/index.php\/dedans\/","title":{"rendered":"Dedans"},"content":{"rendered":"<p>Le g\u00eete\u00a0est sur deux niveaux de 85m\u00b2 chacun:<\/p>\n<ul>\n<li><a href=\"http:\/\/gite-courtillas.fr\/index.php\/rez-de-chaussee\/\">Au rez-de-chauss\u00e9e<\/a> :\n<ul>\n<li>un grand s\u00e9jour avec chemin\u00e9e<\/li>\n<li>une cuisine<\/li>\n<li>un cellier<\/li>\n<li>un WC<\/li>\n<\/ul>\n<\/li>\n<li><a href=\"http:\/\/gite-courtillas.fr\/index.php\/etage\/\">A l&rsquo;\u00e9tage<\/a>\n<ul>\n<li>3 chambres et une salle d&rsquo;eau\/WC<\/li>\n<\/ul>\n<\/li>\n<\/ul>\n<p>Le g\u00eete est \u00e9quip\u00e9 d&rsquo;un lave-vaisselle, d&rsquo;un lave-linge, d&rsquo;un t\u00e9l\u00e9viseur TNT \u00e0 la connectique tr\u00e8s compl\u00e8te, et d&rsquo;un acc\u00e8s internet haut d\u00e9bit accessible de tout le g\u00eete y compris la terrasse.<\/p>\n","protected":false},"excerpt":{"rendered":"<p>Le g\u00eete\u00a0est sur deux niveaux de 85m\u00b2 chacun: Au rez-de-chauss\u00e9e : un grand s\u00e9jour avec chemin\u00e9e une cuisine un cellier un WC A l&rsquo;\u00e9tage 3 chambres et une salle d&rsquo;eau\/WC Le g\u00eete est \u00e9quip\u00e9 d&rsquo;un lave-vaisselle, d&rsquo;un lave-linge, d&rsquo;un t\u00e9l\u00e9viseur TNT \u00e0 la connectique tr\u00e8s compl\u00e8te, et d&rsquo;un acc\u00e8s internet\u2026 <a class=\"continue-reading-link\" href=\"https:\/\/gite-courtillas.fr\/index.php\/dedans\/\">En lire plus &#8230;.<\/a><\/p>\n","protected":false},"author":1,"featured_media":0,"parent":0,"menu_order":0,"comment_status":"closed","ping_status":"closed","template":"","meta":{"footnotes":""},"class_list":["post-19","page","type-page","status-publish","hentry"],"yoast_head":"<!-- This site is optimized with the Yoast SEO plugin v22.0 - https:\/\/yoast.com\/wordpress\/plugins\/seo\/ -->\n<title>Dedans - Gite de Courtillas<\/title>\n<meta name=\"robots\" content=\"index, follow, max-snippet:-1, max-image-preview:large, max-video-preview:-1\" \/>\n<link rel=\"canonical\" href=\"http:\/\/gite-courtillas.fr\/index.php\/dedans\/\" \/>\n<meta property=\"og:locale\" content=\"fr_FR\" \/>\n<meta property=\"og:type\" content=\"article\" \/>\n<meta property=\"og:title\" content=\"Dedans - Gite de Courtillas\" \/>\n<meta property=\"og:description\" content=\"Le g\u00eete\u00a0est sur deux niveaux de 85m\u00b2 chacun: Au rez-de-chauss\u00e9e : un grand s\u00e9jour avec chemin\u00e9e une cuisine un cellier un WC A l&rsquo;\u00e9tage 3 chambres et une salle d&rsquo;eau\/WC Le g\u00eete est \u00e9quip\u00e9 d&rsquo;un lave-vaisselle, d&rsquo;un lave-linge, d&rsquo;un t\u00e9l\u00e9viseur TNT \u00e0 la connectique tr\u00e8s compl\u00e8te, et d&rsquo;un acc\u00e8s internet\u2026 En lire plus ....\" \/>\n<meta property=\"og:url\" content=\"http:\/\/gite-courtillas.fr\/index.php\/dedans\/\" \/>\n<meta property=\"og:site_name\" content=\"Gite de Courtillas\" \/>\n<meta property=\"article:publisher\" content=\"https:\/\/www.facebook.com\/Le-Gite-192389200812938\/\" \/>\n<meta property=\"article:modified_time\" content=\"2015-12-24T09:55:53+00:00\" \/>\n<meta property=\"og:image\" content=\"https:\/\/gite-courtillas.fr\/wp-content\/uploads\/2015\/12\/P1000437-1024x768.jpg\" \/>\n\t<meta property=\"og:image:width\" content=\"1024\" \/>\n\t<meta property=\"og:image:height\" content=\"768\" \/>\n\t<meta property=\"og:image:type\" content=\"image\/jpeg\" \/>\n<meta name=\"twitter:card\" content=\"summary_large_image\" \/>\n<script type=\"application\/ld+json\" class=\"yoast-schema-graph\">{\"@context\":\"https:\/\/schema.org\",\"@graph\":[{\"@type\":\"WebPage\",\"@id\":\"http:\/\/gite-courtillas.fr\/index.php\/dedans\/\",\"url\":\"http:\/\/gite-courtillas.fr\/index.php\/dedans\/\",\"name\":\"Dedans - Gite de Courtillas\",\"isPartOf\":{\"@id\":\"http:\/\/gite-courtillas.fr\/#website\"},\"datePublished\":\"2015-12-07T10:02:46+00:00\",\"dateModified\":\"2015-12-24T09:55:53+00:00\",\"breadcrumb\":{\"@id\":\"http:\/\/gite-courtillas.fr\/index.php\/dedans\/#breadcrumb\"},\"inLanguage\":\"fr-FR\",\"potentialAction\":[{\"@type\":\"ReadAction\",\"target\":[\"http:\/\/gite-courtillas.fr\/index.php\/dedans\/\"]}]},{\"@type\":\"BreadcrumbList\",\"@id\":\"http:\/\/gite-courtillas.fr\/index.php\/dedans\/#breadcrumb\",\"itemListElement\":[{\"@type\":\"ListItem\",\"position\":1,\"name\":\"Accueil\",\"item\":\"http:\/\/gite-courtillas.fr\/\"},{\"@type\":\"ListItem\",\"position\":2,\"name\":\"Dedans\"}]},{\"@type\":\"WebSite\",\"@id\":\"http:\/\/gite-courtillas.fr\/#website\",\"url\":\"http:\/\/gite-courtillas.fr\/\",\"name\":\"Gite de Courtillas\",\"description\":\"Tourisme vert et baignades en Charente\",\"publisher\":{\"@id\":\"http:\/\/gite-courtillas.fr\/#organization\"},\"potentialAction\":[{\"@type\":\"SearchAction\",\"target\":{\"@type\":\"EntryPoint\",\"urlTemplate\":\"http:\/\/gite-courtillas.fr\/?s={search_term_string}\"},\"query-input\":\"required name=search_term_string\"}],\"inLanguage\":\"fr-FR\"},{\"@type\":\"Organization\",\"@id\":\"http:\/\/gite-courtillas.fr\/#organization\",\"name\":\"Gite de Courtillas\",\"url\":\"http:\/\/gite-courtillas.fr\/\",\"logo\":{\"@type\":\"ImageObject\",\"inLanguage\":\"fr-FR\",\"@id\":\"http:\/\/gite-courtillas.fr\/#\/schema\/logo\/image\/\",\"url\":\"http:\/\/gite-courtillas.fr\/wp-content\/uploads\/2015\/12\/cropped-Gite_Courtillas_Access_lite.jpg\",\"contentUrl\":\"http:\/\/gite-courtillas.fr\/wp-content\/uploads\/2015\/12\/cropped-Gite_Courtillas_Access_lite.jpg\",\"width\":512,\"height\":512,\"caption\":\"Gite de Courtillas\"},\"image\":{\"@id\":\"http:\/\/gite-courtillas.fr\/#\/schema\/logo\/image\/\"},\"sameAs\":[\"https:\/\/www.facebook.com\/Le-Gite-192389200812938\/\"]}]}<\/script>\n<!-- \/ Yoast SEO plugin. -->","yoast_head_json":{"title":"Dedans - Gite de Courtillas","robots":{"index":"index","follow":"follow","max-snippet":"max-snippet:-1","max-image-preview":"max-image-preview:large","max-video-preview":"max-video-preview:-1"},"canonical":"http:\/\/gite-courtillas.fr\/index.php\/dedans\/","og_locale":"fr_FR","og_type":"article","og_title":"Dedans - Gite de Courtillas","og_description":"Le g\u00eete\u00a0est sur deux niveaux de 85m\u00b2 chacun: Au rez-de-chauss\u00e9e : un grand s\u00e9jour avec chemin\u00e9e une cuisine un cellier un WC A l&rsquo;\u00e9tage 3 chambres et une salle d&rsquo;eau\/WC Le g\u00eete est \u00e9quip\u00e9 d&rsquo;un lave-vaisselle, d&rsquo;un lave-linge, d&rsquo;un t\u00e9l\u00e9viseur TNT \u00e0 la connectique tr\u00e8s compl\u00e8te, et d&rsquo;un acc\u00e8s internet\u2026 En lire plus ....","og_url":"http:\/\/gite-courtillas.fr\/index.php\/dedans\/","og_site_name":"Gite de Courtillas","article_publisher":"https:\/\/www.facebook.com\/Le-Gite-192389200812938\/","article_modified_time":"2015-12-24T09:55:53+00:00","og_image":[{"width":1024,"height":768,"url":"https:\/\/gite-courtillas.fr\/wp-content\/uploads\/2015\/12\/P1000437-1024x768.jpg","type":"image\/jpeg"}],"twitter_card":"summary_large_image","schema":{"@context":"https:\/\/schema.org","@graph":[{"@type":"WebPage","@id":"http:\/\/gite-courtillas.fr\/index.php\/dedans\/","url":"http:\/\/gite-courtillas.fr\/index.php\/dedans\/","name":"Dedans - Gite de Courtillas","isPartOf":{"@id":"http:\/\/gite-courtillas.fr\/#website"},"datePublished":"2015-12-07T10:02:46+00:00","dateModified":"2015-12-24T09:55:53+00:00","breadcrumb":{"@id":"http:\/\/gite-courtillas.fr\/index.php\/dedans\/#breadcrumb"},"inLanguage":"fr-FR","potentialAction":[{"@type":"ReadAction","target":["http:\/\/gite-courtillas.fr\/index.php\/dedans\/"]}]},{"@type":"BreadcrumbList","@id":"http:\/\/gite-courtillas.fr\/index.php\/dedans\/#breadcrumb","itemListElement":[{"@type":"ListItem","position":1,"name":"Accueil","item":"http:\/\/gite-courtillas.fr\/"},{"@type":"ListItem","position":2,"name":"Dedans"}]},{"@type":"WebSite","@id":"http:\/\/gite-courtillas.fr\/#website","url":"http:\/\/gite-courtillas.fr\/","name":"Gite de Courtillas","description":"Tourisme vert et baignades en Charente","publisher":{"@id":"http:\/\/gite-courtillas.fr\/#organization"},"potentialAction":[{"@type":"SearchAction","target":{"@type":"EntryPoint","urlTemplate":"http:\/\/gite-courtillas.fr\/?s={search_term_string}"},"query-input":"required name=search_term_string"}],"inLanguage":"fr-FR"},{"@type":"Organization","@id":"http:\/\/gite-courtillas.fr\/#organization","name":"Gite de Courtillas","url":"http:\/\/gite-courtillas.fr\/","logo":{"@type":"ImageObject","inLanguage":"fr-FR","@id":"http:\/\/gite-courtillas.fr\/#\/schema\/logo\/image\/","url":"http:\/\/gite-courtillas.fr\/wp-content\/uploads\/2015\/12\/cropped-Gite_Courtillas_Access_lite.jpg","contentUrl":"http:\/\/gite-courtillas.fr\/wp-content\/uploads\/2015\/12\/cropped-Gite_Courtillas_Access_lite.jpg","width":512,"height":512,"caption":"Gite de Courtillas"},"image":{"@id":"http:\/\/gite-courtillas.fr\/#\/schema\/logo\/image\/"},"sameAs":["https:\/\/www.facebook.com\/Le-Gite-192389200812938\/"]}]}},"jetpack_sharing_enabled":true,"_links":{"self":[{"href":"https:\/\/gite-courtillas.fr\/index.php\/wp-json\/wp\/v2\/pages\/19","targetHints":{"allow":["GET"]}}],"collection":[{"href":"https:\/\/gite-courtillas.fr\/index.php\/wp-json\/wp\/v2\/pages"}],"about":[{"href":"https:\/\/gite-courtillas.fr\/index.php\/wp-json\/wp\/v2\/types\/page"}],"author":[{"embeddable":true,"href":"https:\/\/gite-courtillas.fr\/index.php\/wp-json\/wp\/v2\/users\/1"}],"replies":[{"embeddable":true,"href":"https:\/\/gite-courtillas.fr\/index.php\/wp-json\/wp\/v2\/comments?post=19"}],"version-history":[{"count":4,"href":"https:\/\/gite-courtillas.fr\/index.php\/wp-json\/wp\/v2\/pages\/19\/revisions"}],"predecessor-version":[{"id":513,"href":"https:\/\/gite-courtillas.fr\/index.php\/wp-json\/wp\/v2\/pages\/19\/revisions\/513"}],"wp:attachment":[{"href":"https:\/\/gite-courtillas.fr\/index.php\/wp-json\/wp\/v2\/media?parent=19"}],"curies":[{"name":"wp","href":"https:\/\/api.w.org\/{rel}","templated":true}]}}