{"id":17,"date":"2015-12-07T11:02:28","date_gmt":"2015-12-07T10:02:28","guid":{"rendered":"http:\/\/gite-courtillas.fr\/?page_id=17"},"modified":"2019-10-28T18:13:40","modified_gmt":"2019-10-28T17:13:40","slug":"dehors","status":"publish","type":"page","link":"https:\/\/gite-courtillas.fr\/index.php\/dehors\/","title":{"rendered":"Dehors"},"content":{"rendered":"<ul>\n<li><a href=\"http:\/\/gite-courtillas.fr\/index.php\/dehors\/jardin-et-terrasse\/\">Le jardin et la terrasse<\/a><\/li>\n<li><a href=\"http:\/\/gite-courtillas.fr\/index.php\/piscine\/\">La piscine<\/a><\/li>\n<\/ul>\n<p>Les plus jeunes peuvent aller donner \u00e0 manger aux cochons d&rsquo;inde et aux moutons et ch\u00e8vre.<\/p>\n<p>Vue a\u00e9rienne du site (Google Earth 2016). Cliquer pour agrandir.<\/p>\n<p><a href=\"http:\/\/gite-courtillas.fr\/wp-content\/uploads\/2015\/12\/VueGoogleEarth_l\u00e9gend\u00e9e.jpg\"><img loading=\"lazy\" decoding=\"async\" class=\"aligncenter size-medium wp-image-957\" src=\"http:\/\/gite-courtillas.fr\/wp-content\/uploads\/2015\/12\/VueGoogleEarth_l\u00e9gend\u00e9e-300x296.jpg\" alt=\"VueGoogleEarth_l\u00e9gend\u00e9e\" width=\"300\" height=\"296\" srcset=\"https:\/\/gite-courtillas.fr\/wp-content\/uploads\/2015\/12\/VueGoogleEarth_l\u00e9gend\u00e9e-300x296.jpg 300w, https:\/\/gite-courtillas.fr\/wp-content\/uploads\/2015\/12\/VueGoogleEarth_l\u00e9gend\u00e9e-768x759.jpg 768w, https:\/\/gite-courtillas.fr\/wp-content\/uploads\/2015\/12\/VueGoogleEarth_l\u00e9gend\u00e9e-152x150.jpg 152w, https:\/\/gite-courtillas.fr\/wp-content\/uploads\/2015\/12\/VueGoogleEarth_l\u00e9gend\u00e9e-150x148.jpg 150w, https:\/\/gite-courtillas.fr\/wp-content\/uploads\/2015\/12\/VueGoogleEarth_l\u00e9gend\u00e9e.jpg 769w\" sizes=\"auto, (max-width: 300px) 100vw, 300px\" \/><\/a><\/p>\n","protected":false},"excerpt":{"rendered":"<p>Le jardin et la terrasse La piscine Les plus jeunes peuvent aller donner \u00e0 manger aux cochons d&rsquo;inde et aux moutons et ch\u00e8vre. Vue a\u00e9rienne du site (Google Earth 2016). Cliquer pour agrandir. <a class=\"continue-reading-link\" href=\"https:\/\/gite-courtillas.fr\/index.php\/dehors\/\">En lire plus &#8230;.<\/a><\/p>\n","protected":false},"author":1,"featured_media":0,"parent":0,"menu_order":0,"comment_status":"closed","ping_status":"closed","template":"","meta":{"footnotes":""},"class_list":["post-17","page","type-page","status-publish","hentry"],"yoast_head":"<!-- This site is optimized with the Yoast SEO plugin v22.0 - https:\/\/yoast.com\/wordpress\/plugins\/seo\/ -->\n<title>Dehors - Gite de Courtillas<\/title>\n<meta name=\"robots\" content=\"index, follow, max-snippet:-1, max-image-preview:large, max-video-preview:-1\" \/>\n<link rel=\"canonical\" href=\"http:\/\/gite-courtillas.fr\/index.php\/dehors\/\" \/>\n<meta property=\"og:locale\" content=\"fr_FR\" \/>\n<meta property=\"og:type\" content=\"article\" \/>\n<meta property=\"og:title\" content=\"Dehors - Gite de Courtillas\" \/>\n<meta property=\"og:description\" content=\"Le jardin et la terrasse La piscine Les plus jeunes peuvent aller donner \u00e0 manger aux cochons d&rsquo;inde et aux moutons et ch\u00e8vre. Vue a\u00e9rienne du site (Google Earth 2016). Cliquer pour agrandir. En lire plus ....\" \/>\n<meta property=\"og:url\" content=\"http:\/\/gite-courtillas.fr\/index.php\/dehors\/\" \/>\n<meta property=\"og:site_name\" content=\"Gite de Courtillas\" \/>\n<meta property=\"article:publisher\" content=\"https:\/\/www.facebook.com\/Le-Gite-192389200812938\/\" \/>\n<meta property=\"article:modified_time\" content=\"2019-10-28T17:13:40+00:00\" \/>\n<meta property=\"og:image\" content=\"https:\/\/gite-courtillas.fr\/wp-content\/uploads\/2015\/12\/P1000437-1024x768.jpg\" \/>\n\t<meta property=\"og:image:width\" content=\"1024\" \/>\n\t<meta property=\"og:image:height\" content=\"768\" \/>\n\t<meta property=\"og:image:type\" content=\"image\/jpeg\" \/>\n<meta name=\"twitter:card\" content=\"summary_large_image\" \/>\n<script type=\"application\/ld+json\" class=\"yoast-schema-graph\">{\"@context\":\"https:\/\/schema.org\",\"@graph\":[{\"@type\":\"WebPage\",\"@id\":\"http:\/\/gite-courtillas.fr\/index.php\/dehors\/\",\"url\":\"http:\/\/gite-courtillas.fr\/index.php\/dehors\/\",\"name\":\"Dehors - Gite de Courtillas\",\"isPartOf\":{\"@id\":\"http:\/\/gite-courtillas.fr\/#website\"},\"datePublished\":\"2015-12-07T10:02:28+00:00\",\"dateModified\":\"2019-10-28T17:13:40+00:00\",\"breadcrumb\":{\"@id\":\"http:\/\/gite-courtillas.fr\/index.php\/dehors\/#breadcrumb\"},\"inLanguage\":\"fr-FR\",\"potentialAction\":[{\"@type\":\"ReadAction\",\"target\":[\"http:\/\/gite-courtillas.fr\/index.php\/dehors\/\"]}]},{\"@type\":\"BreadcrumbList\",\"@id\":\"http:\/\/gite-courtillas.fr\/index.php\/dehors\/#breadcrumb\",\"itemListElement\":[{\"@type\":\"ListItem\",\"position\":1,\"name\":\"Accueil\",\"item\":\"http:\/\/gite-courtillas.fr\/\"},{\"@type\":\"ListItem\",\"position\":2,\"name\":\"Dehors\"}]},{\"@type\":\"WebSite\",\"@id\":\"http:\/\/gite-courtillas.fr\/#website\",\"url\":\"http:\/\/gite-courtillas.fr\/\",\"name\":\"Gite de Courtillas\",\"description\":\"Tourisme vert et baignades en Charente\",\"publisher\":{\"@id\":\"http:\/\/gite-courtillas.fr\/#organization\"},\"potentialAction\":[{\"@type\":\"SearchAction\",\"target\":{\"@type\":\"EntryPoint\",\"urlTemplate\":\"http:\/\/gite-courtillas.fr\/?s={search_term_string}\"},\"query-input\":\"required name=search_term_string\"}],\"inLanguage\":\"fr-FR\"},{\"@type\":\"Organization\",\"@id\":\"http:\/\/gite-courtillas.fr\/#organization\",\"name\":\"Gite de Courtillas\",\"url\":\"http:\/\/gite-courtillas.fr\/\",\"logo\":{\"@type\":\"ImageObject\",\"inLanguage\":\"fr-FR\",\"@id\":\"http:\/\/gite-courtillas.fr\/#\/schema\/logo\/image\/\",\"url\":\"http:\/\/gite-courtillas.fr\/wp-content\/uploads\/2015\/12\/cropped-Gite_Courtillas_Access_lite.jpg\",\"contentUrl\":\"http:\/\/gite-courtillas.fr\/wp-content\/uploads\/2015\/12\/cropped-Gite_Courtillas_Access_lite.jpg\",\"width\":512,\"height\":512,\"caption\":\"Gite de Courtillas\"},\"image\":{\"@id\":\"http:\/\/gite-courtillas.fr\/#\/schema\/logo\/image\/\"},\"sameAs\":[\"https:\/\/www.facebook.com\/Le-Gite-192389200812938\/\"]}]}<\/script>\n<!-- \/ Yoast SEO plugin. -->","yoast_head_json":{"title":"Dehors - Gite de Courtillas","robots":{"index":"index","follow":"follow","max-snippet":"max-snippet:-1","max-image-preview":"max-image-preview:large","max-video-preview":"max-video-preview:-1"},"canonical":"http:\/\/gite-courtillas.fr\/index.php\/dehors\/","og_locale":"fr_FR","og_type":"article","og_title":"Dehors - Gite de Courtillas","og_description":"Le jardin et la terrasse La piscine Les plus jeunes peuvent aller donner \u00e0 manger aux cochons d&rsquo;inde et aux moutons et ch\u00e8vre. Vue a\u00e9rienne du site (Google Earth 2016). Cliquer pour agrandir. En lire plus ....","og_url":"http:\/\/gite-courtillas.fr\/index.php\/dehors\/","og_site_name":"Gite de Courtillas","article_publisher":"https:\/\/www.facebook.com\/Le-Gite-192389200812938\/","article_modified_time":"2019-10-28T17:13:40+00:00","og_image":[{"width":1024,"height":768,"url":"https:\/\/gite-courtillas.fr\/wp-content\/uploads\/2015\/12\/P1000437-1024x768.jpg","type":"image\/jpeg"}],"twitter_card":"summary_large_image","schema":{"@context":"https:\/\/schema.org","@graph":[{"@type":"WebPage","@id":"http:\/\/gite-courtillas.fr\/index.php\/dehors\/","url":"http:\/\/gite-courtillas.fr\/index.php\/dehors\/","name":"Dehors - Gite de Courtillas","isPartOf":{"@id":"http:\/\/gite-courtillas.fr\/#website"},"datePublished":"2015-12-07T10:02:28+00:00","dateModified":"2019-10-28T17:13:40+00:00","breadcrumb":{"@id":"http:\/\/gite-courtillas.fr\/index.php\/dehors\/#breadcrumb"},"inLanguage":"fr-FR","potentialAction":[{"@type":"ReadAction","target":["http:\/\/gite-courtillas.fr\/index.php\/dehors\/"]}]},{"@type":"BreadcrumbList","@id":"http:\/\/gite-courtillas.fr\/index.php\/dehors\/#breadcrumb","itemListElement":[{"@type":"ListItem","position":1,"name":"Accueil","item":"http:\/\/gite-courtillas.fr\/"},{"@type":"ListItem","position":2,"name":"Dehors"}]},{"@type":"WebSite","@id":"http:\/\/gite-courtillas.fr\/#website","url":"http:\/\/gite-courtillas.fr\/","name":"Gite de Courtillas","description":"Tourisme vert et baignades en Charente","publisher":{"@id":"http:\/\/gite-courtillas.fr\/#organization"},"potentialAction":[{"@type":"SearchAction","target":{"@type":"EntryPoint","urlTemplate":"http:\/\/gite-courtillas.fr\/?s={search_term_string}"},"query-input":"required name=search_term_string"}],"inLanguage":"fr-FR"},{"@type":"Organization","@id":"http:\/\/gite-courtillas.fr\/#organization","name":"Gite de Courtillas","url":"http:\/\/gite-courtillas.fr\/","logo":{"@type":"ImageObject","inLanguage":"fr-FR","@id":"http:\/\/gite-courtillas.fr\/#\/schema\/logo\/image\/","url":"http:\/\/gite-courtillas.fr\/wp-content\/uploads\/2015\/12\/cropped-Gite_Courtillas_Access_lite.jpg","contentUrl":"http:\/\/gite-courtillas.fr\/wp-content\/uploads\/2015\/12\/cropped-Gite_Courtillas_Access_lite.jpg","width":512,"height":512,"caption":"Gite de Courtillas"},"image":{"@id":"http:\/\/gite-courtillas.fr\/#\/schema\/logo\/image\/"},"sameAs":["https:\/\/www.facebook.com\/Le-Gite-192389200812938\/"]}]}},"jetpack_sharing_enabled":true,"_links":{"self":[{"href":"https:\/\/gite-courtillas.fr\/index.php\/wp-json\/wp\/v2\/pages\/17","targetHints":{"allow":["GET"]}}],"collection":[{"href":"https:\/\/gite-courtillas.fr\/index.php\/wp-json\/wp\/v2\/pages"}],"about":[{"href":"https:\/\/gite-courtillas.fr\/index.php\/wp-json\/wp\/v2\/types\/page"}],"author":[{"embeddable":true,"href":"https:\/\/gite-courtillas.fr\/index.php\/wp-json\/wp\/v2\/users\/1"}],"replies":[{"embeddable":true,"href":"https:\/\/gite-courtillas.fr\/index.php\/wp-json\/wp\/v2\/comments?post=17"}],"version-history":[{"count":8,"href":"https:\/\/gite-courtillas.fr\/index.php\/wp-json\/wp\/v2\/pages\/17\/revisions"}],"predecessor-version":[{"id":1108,"href":"https:\/\/gite-courtillas.fr\/index.php\/wp-json\/wp\/v2\/pages\/17\/revisions\/1108"}],"wp:attachment":[{"href":"https:\/\/gite-courtillas.fr\/index.php\/wp-json\/wp\/v2\/media?parent=17"}],"curies":[{"name":"wp","href":"https:\/\/api.w.org\/{rel}","templated":true}]}}